{"id":10903,"date":"2023-01-12T17:22:15","date_gmt":"2023-01-12T15:22:15","guid":{"rendered":"https:\/\/new.cretetaxiservice.gr\/excursions\/argiroupoli-lake-of-kournas-georgioupolis\/"},"modified":"2023-03-01T19:31:13","modified_gmt":"2023-03-01T17:31:13","slug":"argiroupolis-kournas-see-georgioupoli","status":"publish","type":"page","link":"https:\/\/cretetaxiservice.gr\/de\/ausfluege\/argiroupolis-kournas-see-georgioupoli\/","title":{"rendered":"Argiroupolis &#8211; Kournas-See &#8211; Georgioupoli"},"content":{"rendered":"\t\t<div data-elementor-type=\"wp-page\" data-elementor-id=\"10903\" class=\"elementor elementor-10903 elementor-10500\" data-elementor-post-type=\"page\">\n\t\t\t\t\t\t<section class=\"elementor-section elementor-top-section elementor-element elementor-element-82ecb75 elementor-section-height-min-height elementor-section-boxed elementor-section-height-default elementor-section-items-middle\" data-id=\"82ecb75\" data-element_type=\"section\" data-settings=\"{&quot;background_background&quot;:&quot;classic&quot;}\">\n\t\t\t\t\t\t\t<div class=\"elementor-background-overlay\"><\/div>\n\t\t\t\t\t\t\t<div class=\"elementor-container elementor-column-gap-no\">\n\t\t\t\t\t<div class=\"elementor-column elementor-col-100 elementor-top-column elementor-element elementor-element-6e02e2a\" data-id=\"6e02e2a\" data-element_type=\"column\">\n\t\t\t<div class=\"elementor-widget-wrap elementor-element-populated\">\n\t\t\t\t\t\t<section class=\"elementor-section elementor-inner-section elementor-element elementor-element-171dc9f elementor-section-boxed elementor-section-height-default elementor-section-height-default\" data-id=\"171dc9f\" data-element_type=\"section\">\n\t\t\t\t\t\t<div class=\"elementor-container elementor-column-gap-no\">\n\t\t\t\t\t<div class=\"elementor-column elementor-col-100 elementor-inner-column elementor-element elementor-element-e5fb0b3\" data-id=\"e5fb0b3\" data-element_type=\"column\">\n\t\t\t<div class=\"elementor-widget-wrap elementor-element-populated\">\n\t\t\t\t\t\t<div class=\"elementor-element elementor-element-43e38d6 elementor-widget elementor-widget-heading\" data-id=\"43e38d6\" data-element_type=\"widget\" data-widget_type=\"heading.default\">\n\t\t\t\t<div class=\"elementor-widget-container\">\n\t\t\t\t\t<h1 class=\"elementor-heading-title elementor-size-default\">Ausfl\u00fcge<\/h1>\t\t\t\t<\/div>\n\t\t\t\t<\/div>\n\t\t\t\t\t<\/div>\n\t\t<\/div>\n\t\t\t\t\t<\/div>\n\t\t<\/section>\n\t\t\t\t<section class=\"elementor-section elementor-inner-section elementor-element elementor-element-3e1b9f3 elementor-section-boxed elementor-section-height-default elementor-section-height-default\" data-id=\"3e1b9f3\" data-element_type=\"section\">\n\t\t\t\t\t\t<div class=\"elementor-container elementor-column-gap-no\">\n\t\t\t\t\t<div class=\"elementor-column elementor-col-100 elementor-inner-column elementor-element elementor-element-a5178bb\" data-id=\"a5178bb\" data-element_type=\"column\">\n\t\t\t<div class=\"elementor-widget-wrap elementor-element-populated\">\n\t\t\t\t\t\t<div class=\"elementor-element elementor-element-d2d6ce9 elementor-widget elementor-widget-heading\" data-id=\"d2d6ce9\" data-element_type=\"widget\" data-widget_type=\"heading.default\">\n\t\t\t\t<div class=\"elementor-widget-container\">\n\t\t\t\t\t<h3 class=\"elementor-heading-title elementor-size-default\">Argiroupoli - Lake of Kournas - Georgioupolis<\/h3>\t\t\t\t<\/div>\n\t\t\t\t<\/div>\n\t\t\t\t\t<\/div>\n\t\t<\/div>\n\t\t\t\t\t<\/div>\n\t\t<\/section>\n\t\t\t\t\t<\/div>\n\t\t<\/div>\n\t\t\t\t\t<\/div>\n\t\t<\/section>\n\t\t\t\t<section class=\"elementor-section elementor-top-section elementor-element elementor-element-e5c9a42 elementor-section-boxed elementor-section-height-default elementor-section-height-default\" data-id=\"e5c9a42\" data-element_type=\"section\" data-settings=\"{&quot;background_background&quot;:&quot;classic&quot;}\">\n\t\t\t\t\t\t\t<div class=\"elementor-background-overlay\"><\/div>\n\t\t\t\t\t\t\t<div class=\"elementor-container elementor-column-gap-no\">\n\t\t\t\t\t<div class=\"elementor-column elementor-col-100 elementor-top-column elementor-element elementor-element-763b07f\" data-id=\"763b07f\" data-element_type=\"column\">\n\t\t\t<div class=\"elementor-widget-wrap elementor-element-populated\">\n\t\t\t\t\t\t<section class=\"elementor-section elementor-inner-section elementor-element elementor-element-de81569 elementor-section-boxed elementor-section-height-default elementor-section-height-default\" data-id=\"de81569\" data-element_type=\"section\">\n\t\t\t\t\t\t<div class=\"elementor-container elementor-column-gap-no\">\n\t\t\t\t\t<div class=\"elementor-column elementor-col-100 elementor-inner-column elementor-element elementor-element-acddec0\" data-id=\"acddec0\" data-element_type=\"column\">\n\t\t\t<div class=\"elementor-widget-wrap elementor-element-populated\">\n\t\t\t\t\t\t<div class=\"elementor-element elementor-element-46a94e6 elementor-widget elementor-widget-heading\" data-id=\"46a94e6\" data-element_type=\"widget\" data-widget_type=\"heading.default\">\n\t\t\t\t<div class=\"elementor-widget-container\">\n\t\t\t\t\t<h6 class=\"elementor-heading-title elementor-size-default\">Unsere Ausfl\u00fcge<\/h6>\t\t\t\t<\/div>\n\t\t\t\t<\/div>\n\t\t\t\t<div class=\"elementor-element elementor-element-8f4bc8c elementor-widget elementor-widget-heading\" data-id=\"8f4bc8c\" data-element_type=\"widget\" data-widget_type=\"heading.default\">\n\t\t\t\t<div class=\"elementor-widget-container\">\n\t\t\t\t\t<h2 class=\"elementor-heading-title elementor-size-default\">Argiroupoli - Lake of Kournas - Georgioupolis<\/h2>\t\t\t\t<\/div>\n\t\t\t\t<\/div>\n\t\t\t\t\t<\/div>\n\t\t<\/div>\n\t\t\t\t\t<\/div>\n\t\t<\/section>\n\t\t\t\t\t<\/div>\n\t\t<\/div>\n\t\t\t\t\t<\/div>\n\t\t<\/section>\n\t\t\t\t<section class=\"elementor-section elementor-top-section elementor-element elementor-element-2738e142 elementor-section-content-middle elementor-section-boxed elementor-section-height-default elementor-section-height-default\" data-id=\"2738e142\" data-element_type=\"section\">\n\t\t\t\t\t\t<div class=\"elementor-container elementor-column-gap-no\">\n\t\t\t\t\t<div class=\"elementor-column elementor-col-100 elementor-top-column elementor-element elementor-element-207aad6f\" data-id=\"207aad6f\" data-element_type=\"column\">\n\t\t\t<div class=\"elementor-widget-wrap elementor-element-populated\">\n\t\t\t\t\t\t<div class=\"elementor-element elementor-element-733d46bc elementor-widget elementor-widget-heading\" data-id=\"733d46bc\" data-element_type=\"widget\" data-widget_type=\"heading.default\">\n\t\t\t\t<div class=\"elementor-widget-container\">\n\t\t\t\t\t<h4 class=\"elementor-heading-title elementor-size-default\">Schauen Sie sich unsere Ausfl\u00fcge an<\/h4>\t\t\t\t<\/div>\n\t\t\t\t<\/div>\n\t\t\t\t<div class=\"elementor-element elementor-element-65a014d elementor-widget elementor-widget-image\" data-id=\"65a014d\" data-element_type=\"widget\" data-widget_type=\"image.default\">\n\t\t\t\t<div class=\"elementor-widget-container\">\n\t\t\t\t\t\t\t\t\t\t\t\t\t\t\t<img fetchpriority=\"high\" decoding=\"async\" width=\"1024\" height=\"454\" src=\"https:\/\/cretetaxiservice.gr\/wp-content\/uploads\/argiroupoli1-1024x454.jpg\" class=\"attachment-large size-large wp-image-10523\" alt=\"\" srcset=\"https:\/\/cretetaxiservice.gr\/wp-content\/uploads\/argiroupoli1-1024x454.jpg 1024w, https:\/\/cretetaxiservice.gr\/wp-content\/uploads\/argiroupoli1-300x133.jpg 300w, https:\/\/cretetaxiservice.gr\/wp-content\/uploads\/argiroupoli1-768x341.jpg 768w, https:\/\/cretetaxiservice.gr\/wp-content\/uploads\/argiroupoli1-460x204.jpg 460w, https:\/\/cretetaxiservice.gr\/wp-content\/uploads\/argiroupoli1-800x355.jpg 800w, https:\/\/cretetaxiservice.gr\/wp-content\/uploads\/argiroupoli1.jpg 1098w\" sizes=\"(max-width: 1024px) 100vw, 1024px\" \/>\t\t\t\t\t\t\t\t\t\t\t\t\t\t\t<\/div>\n\t\t\t\t<\/div>\n\t\t\t\t<div class=\"elementor-element elementor-element-9281f4a elementor-widget elementor-widget-text-editor\" data-id=\"9281f4a\" data-element_type=\"widget\" data-widget_type=\"text-editor.default\">\n\t\t\t\t<div class=\"elementor-widget-container\">\n\t\t\t\t\t\t\t\t\t<p>Dieser Ausflug beginnt entlang der imposanten Nordk\u00fcste in Richtung Westen. Argyroupoli liegt in einer einmalig sch\u00f6nen Landschaft und bietet zahlreiche historische Sehensw\u00fcrdigkeiten. Kleine malerische Wasserf\u00e4lle und dichte Vegetation sind die charakteristischen Eigenschaften dieser Gegend.<\/p><p>Nach Argiroupoli fahren wir weiter zum Kournas-See, demeinzigen nat\u00fcrlichen S\u00fc\u00dfwassersee Kretas. Sein Westufer liegt an den Ausl\u00e4ufern der Wei\u00dfen Berge w\u00e4hrend sein s\u00fcd\u00f6stliches Ufer von Olivenb\u00e4umen ges\u00e4umt wird.<\/p><p>Unser letztes Ziel ist das Fischerdorf Georgioupoli, das sich zu einem modernen Urlaubsziel gemausert hat. Das Dorf liegt inmitten einer gr\u00fcnen Landschaft und wird von dem Almyros-Fluss durchflossen.<\/p>\t\t\t\t\t\t\t\t<\/div>\n\t\t\t\t<\/div>\n\t\t\t\t<div class=\"elementor-element elementor-element-5687bf3 elementor-widget__width-auto elementor-widget elementor-widget-image\" data-id=\"5687bf3\" data-element_type=\"widget\" data-widget_type=\"image.default\">\n\t\t\t\t<div class=\"elementor-widget-container\">\n\t\t\t\t\t\t\t\t\t\t\t\t\t\t\t<img decoding=\"async\" width=\"493\" height=\"217\" src=\"https:\/\/cretetaxiservice.gr\/wp-content\/uploads\/argiroupoli2.jpg\" class=\"attachment-full size-full wp-image-10526\" alt=\"\" srcset=\"https:\/\/cretetaxiservice.gr\/wp-content\/uploads\/argiroupoli2.jpg 493w, https:\/\/cretetaxiservice.gr\/wp-content\/uploads\/argiroupoli2-300x132.jpg 300w, https:\/\/cretetaxiservice.gr\/wp-content\/uploads\/argiroupoli2-460x202.jpg 460w\" sizes=\"(max-width: 493px) 100vw, 493px\" \/>\t\t\t\t\t\t\t\t\t\t\t\t\t\t\t<\/div>\n\t\t\t\t<\/div>\n\t\t\t\t<div class=\"elementor-element elementor-element-f46bde4 elementor-widget__width-auto elementor-widget elementor-widget-image\" data-id=\"f46bde4\" data-element_type=\"widget\" data-widget_type=\"image.default\">\n\t\t\t\t<div class=\"elementor-widget-container\">\n\t\t\t\t\t\t\t\t\t\t\t\t\t\t\t<img decoding=\"async\" width=\"493\" height=\"217\" src=\"https:\/\/cretetaxiservice.gr\/wp-content\/uploads\/argiroupoli3.jpg\" class=\"attachment-full size-full wp-image-10528\" alt=\"\" srcset=\"https:\/\/cretetaxiservice.gr\/wp-content\/uploads\/argiroupoli3.jpg 493w, https:\/\/cretetaxiservice.gr\/wp-content\/uploads\/argiroupoli3-300x132.jpg 300w, https:\/\/cretetaxiservice.gr\/wp-content\/uploads\/argiroupoli3-460x202.jpg 460w\" sizes=\"(max-width: 493px) 100vw, 493px\" \/>\t\t\t\t\t\t\t\t\t\t\t\t\t\t\t<\/div>\n\t\t\t\t<\/div>\n\t\t\t\t\t<\/div>\n\t\t<\/div>\n\t\t\t\t\t<\/div>\n\t\t<\/section>\n\t\t\t\t<\/div>\n\t\t","protected":false},"excerpt":{"rendered":"<p>Ausfl\u00fcge Argiroupoli &#8211; Lake of Kournas &#8211; Georgioupolis Unsere Ausfl\u00fcge Argiroupoli &#8211; Lake of Kournas &#8211; Georgioupolis Schauen Sie sich unsere Ausfl\u00fcge an Dieser Ausflug beginnt entlang der imposanten Nordk\u00fcste in Richtung Westen. Argyroupoli liegt in einer einmalig sch\u00f6nen Landschaft und bietet zahlreiche historische Sehensw\u00fcrdigkeiten. Kleine malerische Wasserf\u00e4lle und dichte Vegetation sind die charakteristischen Eigenschaften [&hellip;]<\/p>\n","protected":false},"author":1,"featured_media":0,"parent":10884,"menu_order":0,"comment_status":"closed","ping_status":"closed","template":"","meta":{"site-sidebar-layout":"no-sidebar","site-content-layout":"page-builder","ast-site-content-layout":"default","site-content-style":"default","site-sidebar-style":"default","ast-global-header-display":"","ast-banner-title-visibility":"","ast-main-header-display":"","ast-hfb-above-header-display":"","ast-hfb-below-header-display":"","ast-hfb-mobile-header-display":"","site-post-title":"disabled","ast-breadcrumbs-content":"disabled","ast-featured-img":"disabled","footer-sml-layout":"","theme-transparent-header-meta":"enabled","adv-header-id-meta":"","stick-header-meta":"default","header-above-stick-meta":"","header-main-stick-meta":"","header-below-stick-meta":"","astra-migrate-meta-layouts":"default","ast-page-background-enabled":"default","ast-page-background-meta":{"desktop":{"background-color":"","background-image":"","background-repeat":"repeat","background-position":"center center","background-size":"auto","background-attachment":"scroll","background-type":"","background-media":"","overlay-type":"","overlay-color":"","overlay-opacity":"","overlay-gradient":""},"tablet":{"background-color":"","background-image":"","background-repeat":"repeat","background-position":"center center","background-size":"auto","background-attachment":"scroll","background-type":"","background-media":"","overlay-type":"","overlay-color":"","overlay-opacity":"","overlay-gradient":""},"mobile":{"background-color":"","background-image":"","background-repeat":"repeat","background-position":"center center","background-size":"auto","background-attachment":"scroll","background-type":"","background-media":"","overlay-type":"","overlay-color":"","overlay-opacity":"","overlay-gradient":""}},"ast-content-background-meta":{"desktop":{"background-color":"var(--ast-global-color-5)","background-image":"","background-repeat":"repeat","background-position":"center center","background-size":"auto","background-attachment":"scroll","background-type":"","background-media":"","overlay-type":"","overlay-color":"","overlay-opacity":"","overlay-gradient":""},"tablet":{"background-color":"var(--ast-global-color-5)","background-image":"","background-repeat":"repeat","background-position":"center center","background-size":"auto","background-attachment":"scroll","background-type":"","background-media":"","overlay-type":"","overlay-color":"","overlay-opacity":"","overlay-gradient":""},"mobile":{"background-color":"var(--ast-global-color-5)","background-image":"","background-repeat":"repeat","background-position":"center center","background-size":"auto","background-attachment":"scroll","background-type":"","background-media":"","overlay-type":"","overlay-color":"","overlay-opacity":"","overlay-gradient":""}},"footnotes":""},"class_list":["post-10903","page","type-page","status-publish","hentry"],"yoast_head":"<!-- This site is optimized with the Yoast SEO plugin v25.5 - https:\/\/yoast.com\/wordpress\/plugins\/seo\/ -->\n<title>Argiroupolis - Kournas-See - Georgioupoli - Crete Taxi Services<\/title>\n<meta name=\"robots\" content=\"noindex, follow, max-snippet:-1, max-image-preview:large, max-video-preview:-1\" \/>\n<meta property=\"og:locale\" content=\"de_DE\" \/>\n<meta property=\"og:type\" content=\"article\" \/>\n<meta property=\"og:title\" content=\"Argiroupolis - Kournas-See - Georgioupoli - Crete Taxi Services\" \/>\n<meta property=\"og:description\" content=\"Ausfl\u00fcge Argiroupoli &#8211; Lake of Kournas &#8211; Georgioupolis Unsere Ausfl\u00fcge Argiroupoli &#8211; Lake of Kournas &#8211; Georgioupolis Schauen Sie sich unsere Ausfl\u00fcge an Dieser Ausflug beginnt entlang der imposanten Nordk\u00fcste in Richtung Westen. Argyroupoli liegt in einer einmalig sch\u00f6nen Landschaft und bietet zahlreiche historische Sehensw\u00fcrdigkeiten. Kleine malerische Wasserf\u00e4lle und dichte Vegetation sind die charakteristischen Eigenschaften [&hellip;]\" \/>\n<meta property=\"og:url\" content=\"https:\/\/cretetaxiservice.gr\/de\/ausfluege\/argiroupolis-kournas-see-georgioupoli\/\" \/>\n<meta property=\"og:site_name\" content=\"Crete Taxi Services\" \/>\n<meta property=\"article:publisher\" content=\"https:\/\/www.facebook.com\/cretetaxiservicegr\" \/>\n<meta property=\"article:modified_time\" content=\"2023-03-01T17:31:13+00:00\" \/>\n<meta property=\"og:image\" content=\"https:\/\/new.cretetaxiservice.gr\/wp-content\/uploads\/argiroupoli1-1024x454.jpg\" \/>\n<meta name=\"twitter:card\" content=\"summary_large_image\" \/>\n<meta name=\"twitter:label1\" content=\"Gesch\u00e4tzte Lesezeit\" \/>\n\t<meta name=\"twitter:data1\" content=\"2\u00a0Minuten\" \/>\n<script type=\"application\/ld+json\" class=\"yoast-schema-graph\">{\"@context\":\"https:\/\/schema.org\",\"@graph\":[{\"@type\":\"WebPage\",\"@id\":\"https:\/\/cretetaxiservice.gr\/de\/ausfluege\/argiroupolis-kournas-see-georgioupoli\/\",\"url\":\"https:\/\/cretetaxiservice.gr\/de\/ausfluege\/argiroupolis-kournas-see-georgioupoli\/\",\"name\":\"Argiroupolis - Kournas-See - Georgioupoli - Crete Taxi Services\",\"isPartOf\":{\"@id\":\"https:\/\/cretetaxiservice.gr\/de\/#website\"},\"primaryImageOfPage\":{\"@id\":\"https:\/\/cretetaxiservice.gr\/de\/ausfluege\/argiroupolis-kournas-see-georgioupoli\/#primaryimage\"},\"image\":{\"@id\":\"https:\/\/cretetaxiservice.gr\/de\/ausfluege\/argiroupolis-kournas-see-georgioupoli\/#primaryimage\"},\"thumbnailUrl\":\"https:\/\/new.cretetaxiservice.gr\/wp-content\/uploads\/argiroupoli1-1024x454.jpg\",\"datePublished\":\"2023-01-12T15:22:15+00:00\",\"dateModified\":\"2023-03-01T17:31:13+00:00\",\"breadcrumb\":{\"@id\":\"https:\/\/cretetaxiservice.gr\/de\/ausfluege\/argiroupolis-kournas-see-georgioupoli\/#breadcrumb\"},\"inLanguage\":\"de\",\"potentialAction\":[{\"@type\":\"ReadAction\",\"target\":[\"https:\/\/cretetaxiservice.gr\/de\/ausfluege\/argiroupolis-kournas-see-georgioupoli\/\"]}]},{\"@type\":\"ImageObject\",\"inLanguage\":\"de\",\"@id\":\"https:\/\/cretetaxiservice.gr\/de\/ausfluege\/argiroupolis-kournas-see-georgioupoli\/#primaryimage\",\"url\":\"https:\/\/new.cretetaxiservice.gr\/wp-content\/uploads\/argiroupoli1-1024x454.jpg\",\"contentUrl\":\"https:\/\/new.cretetaxiservice.gr\/wp-content\/uploads\/argiroupoli1-1024x454.jpg\"},{\"@type\":\"BreadcrumbList\",\"@id\":\"https:\/\/cretetaxiservice.gr\/de\/ausfluege\/argiroupolis-kournas-see-georgioupoli\/#breadcrumb\",\"itemListElement\":[{\"@type\":\"ListItem\",\"position\":1,\"name\":\"Home\",\"item\":\"https:\/\/cretetaxiservice.gr\/de\/\"},{\"@type\":\"ListItem\",\"position\":2,\"name\":\"Ausfl\u00fcge\",\"item\":\"https:\/\/cretetaxiservice.gr\/de\/ausfluege\/\"},{\"@type\":\"ListItem\",\"position\":3,\"name\":\"Argiroupolis &#8211; Kournas-See &#8211; Georgioupoli\"}]},{\"@type\":\"WebSite\",\"@id\":\"https:\/\/cretetaxiservice.gr\/de\/#website\",\"url\":\"https:\/\/cretetaxiservice.gr\/de\/\",\"name\":\"Crete Taxi Services\",\"description\":\"Transfer and transportation in Crete\",\"publisher\":{\"@id\":\"https:\/\/cretetaxiservice.gr\/de\/#organization\"},\"potentialAction\":[{\"@type\":\"SearchAction\",\"target\":{\"@type\":\"EntryPoint\",\"urlTemplate\":\"https:\/\/cretetaxiservice.gr\/de\/?s={search_term_string}\"},\"query-input\":{\"@type\":\"PropertyValueSpecification\",\"valueRequired\":true,\"valueName\":\"search_term_string\"}}],\"inLanguage\":\"de\"},{\"@type\":\"Organization\",\"@id\":\"https:\/\/cretetaxiservice.gr\/de\/#organization\",\"name\":\"Crete Taxi Services\",\"url\":\"https:\/\/cretetaxiservice.gr\/de\/\",\"logo\":{\"@type\":\"ImageObject\",\"inLanguage\":\"de\",\"@id\":\"https:\/\/cretetaxiservice.gr\/de\/#\/schema\/logo\/image\/\",\"url\":\"https:\/\/cretetaxiservice.gr\/wp-content\/uploads\/logo-gold.png\",\"contentUrl\":\"https:\/\/cretetaxiservice.gr\/wp-content\/uploads\/logo-gold.png\",\"width\":1024,\"height\":452,\"caption\":\"Crete Taxi Services\"},\"image\":{\"@id\":\"https:\/\/cretetaxiservice.gr\/de\/#\/schema\/logo\/image\/\"},\"sameAs\":[\"https:\/\/www.facebook.com\/cretetaxiservicegr\"]}]}<\/script>\n<!-- \/ Yoast SEO plugin. -->","yoast_head_json":{"title":"Argiroupolis - Kournas-See - Georgioupoli - Crete Taxi Services","robots":{"index":"noindex","follow":"follow","max-snippet":"max-snippet:-1","max-image-preview":"max-image-preview:large","max-video-preview":"max-video-preview:-1"},"og_locale":"de_DE","og_type":"article","og_title":"Argiroupolis - Kournas-See - Georgioupoli - Crete Taxi Services","og_description":"Ausfl\u00fcge Argiroupoli &#8211; Lake of Kournas &#8211; Georgioupolis Unsere Ausfl\u00fcge Argiroupoli &#8211; Lake of Kournas &#8211; Georgioupolis Schauen Sie sich unsere Ausfl\u00fcge an Dieser Ausflug beginnt entlang der imposanten Nordk\u00fcste in Richtung Westen. Argyroupoli liegt in einer einmalig sch\u00f6nen Landschaft und bietet zahlreiche historische Sehensw\u00fcrdigkeiten. Kleine malerische Wasserf\u00e4lle und dichte Vegetation sind die charakteristischen Eigenschaften [&hellip;]","og_url":"https:\/\/cretetaxiservice.gr\/de\/ausfluege\/argiroupolis-kournas-see-georgioupoli\/","og_site_name":"Crete Taxi Services","article_publisher":"https:\/\/www.facebook.com\/cretetaxiservicegr","article_modified_time":"2023-03-01T17:31:13+00:00","og_image":[{"url":"https:\/\/new.cretetaxiservice.gr\/wp-content\/uploads\/argiroupoli1-1024x454.jpg","type":"","width":"","height":""}],"twitter_card":"summary_large_image","twitter_misc":{"Gesch\u00e4tzte Lesezeit":"2\u00a0Minuten"},"schema":{"@context":"https:\/\/schema.org","@graph":[{"@type":"WebPage","@id":"https:\/\/cretetaxiservice.gr\/de\/ausfluege\/argiroupolis-kournas-see-georgioupoli\/","url":"https:\/\/cretetaxiservice.gr\/de\/ausfluege\/argiroupolis-kournas-see-georgioupoli\/","name":"Argiroupolis - Kournas-See - Georgioupoli - Crete Taxi Services","isPartOf":{"@id":"https:\/\/cretetaxiservice.gr\/de\/#website"},"primaryImageOfPage":{"@id":"https:\/\/cretetaxiservice.gr\/de\/ausfluege\/argiroupolis-kournas-see-georgioupoli\/#primaryimage"},"image":{"@id":"https:\/\/cretetaxiservice.gr\/de\/ausfluege\/argiroupolis-kournas-see-georgioupoli\/#primaryimage"},"thumbnailUrl":"https:\/\/new.cretetaxiservice.gr\/wp-content\/uploads\/argiroupoli1-1024x454.jpg","datePublished":"2023-01-12T15:22:15+00:00","dateModified":"2023-03-01T17:31:13+00:00","breadcrumb":{"@id":"https:\/\/cretetaxiservice.gr\/de\/ausfluege\/argiroupolis-kournas-see-georgioupoli\/#breadcrumb"},"inLanguage":"de","potentialAction":[{"@type":"ReadAction","target":["https:\/\/cretetaxiservice.gr\/de\/ausfluege\/argiroupolis-kournas-see-georgioupoli\/"]}]},{"@type":"ImageObject","inLanguage":"de","@id":"https:\/\/cretetaxiservice.gr\/de\/ausfluege\/argiroupolis-kournas-see-georgioupoli\/#primaryimage","url":"https:\/\/new.cretetaxiservice.gr\/wp-content\/uploads\/argiroupoli1-1024x454.jpg","contentUrl":"https:\/\/new.cretetaxiservice.gr\/wp-content\/uploads\/argiroupoli1-1024x454.jpg"},{"@type":"BreadcrumbList","@id":"https:\/\/cretetaxiservice.gr\/de\/ausfluege\/argiroupolis-kournas-see-georgioupoli\/#breadcrumb","itemListElement":[{"@type":"ListItem","position":1,"name":"Home","item":"https:\/\/cretetaxiservice.gr\/de\/"},{"@type":"ListItem","position":2,"name":"Ausfl\u00fcge","item":"https:\/\/cretetaxiservice.gr\/de\/ausfluege\/"},{"@type":"ListItem","position":3,"name":"Argiroupolis &#8211; Kournas-See &#8211; Georgioupoli"}]},{"@type":"WebSite","@id":"https:\/\/cretetaxiservice.gr\/de\/#website","url":"https:\/\/cretetaxiservice.gr\/de\/","name":"Crete Taxi Services","description":"Transfer and transportation in Crete","publisher":{"@id":"https:\/\/cretetaxiservice.gr\/de\/#organization"},"potentialAction":[{"@type":"SearchAction","target":{"@type":"EntryPoint","urlTemplate":"https:\/\/cretetaxiservice.gr\/de\/?s={search_term_string}"},"query-input":{"@type":"PropertyValueSpecification","valueRequired":true,"valueName":"search_term_string"}}],"inLanguage":"de"},{"@type":"Organization","@id":"https:\/\/cretetaxiservice.gr\/de\/#organization","name":"Crete Taxi Services","url":"https:\/\/cretetaxiservice.gr\/de\/","logo":{"@type":"ImageObject","inLanguage":"de","@id":"https:\/\/cretetaxiservice.gr\/de\/#\/schema\/logo\/image\/","url":"https:\/\/cretetaxiservice.gr\/wp-content\/uploads\/logo-gold.png","contentUrl":"https:\/\/cretetaxiservice.gr\/wp-content\/uploads\/logo-gold.png","width":1024,"height":452,"caption":"Crete Taxi Services"},"image":{"@id":"https:\/\/cretetaxiservice.gr\/de\/#\/schema\/logo\/image\/"},"sameAs":["https:\/\/www.facebook.com\/cretetaxiservicegr"]}]}},"_links":{"self":[{"href":"https:\/\/cretetaxiservice.gr\/de\/wp-json\/wp\/v2\/pages\/10903","targetHints":{"allow":["GET"]}}],"collection":[{"href":"https:\/\/cretetaxiservice.gr\/de\/wp-json\/wp\/v2\/pages"}],"about":[{"href":"https:\/\/cretetaxiservice.gr\/de\/wp-json\/wp\/v2\/types\/page"}],"author":[{"embeddable":true,"href":"https:\/\/cretetaxiservice.gr\/de\/wp-json\/wp\/v2\/users\/1"}],"replies":[{"embeddable":true,"href":"https:\/\/cretetaxiservice.gr\/de\/wp-json\/wp\/v2\/comments?post=10903"}],"version-history":[{"count":0,"href":"https:\/\/cretetaxiservice.gr\/de\/wp-json\/wp\/v2\/pages\/10903\/revisions"}],"up":[{"embeddable":true,"href":"https:\/\/cretetaxiservice.gr\/de\/wp-json\/wp\/v2\/pages\/10884"}],"wp:attachment":[{"href":"https:\/\/cretetaxiservice.gr\/de\/wp-json\/wp\/v2\/media?parent=10903"}],"curies":[{"name":"wp","href":"https:\/\/api.w.org\/{rel}","templated":true}]}}