{"id":10913,"date":"2023-01-12T17:22:30","date_gmt":"2023-01-12T15:22:30","guid":{"rendered":"https:\/\/new.cretetaxiservice.gr\/excursions\/kourtaliotis-gorge-monastery-of-prevelis-plakias-myrth\/"},"modified":"2023-03-01T19:26:31","modified_gmt":"2023-03-01T17:26:31","slug":"kourtaliotis-gorge-monastery-of-prevelis-plakias-myrth","status":"publish","type":"page","link":"https:\/\/cretetaxiservice.gr\/de\/ausfluege\/kourtaliotis-gorge-monastery-of-prevelis-plakias-myrth\/","title":{"rendered":"Kourtaliotis gorge &#8211; Monastery of Prevelis &#8211; Plakias &#8211; Myrth"},"content":{"rendered":"\t\t<div data-elementor-type=\"wp-page\" data-elementor-id=\"10913\" class=\"elementor elementor-10913 elementor-10499\" data-elementor-post-type=\"page\">\n\t\t\t\t\t\t<section class=\"elementor-section elementor-top-section elementor-element elementor-element-82ecb75 elementor-section-height-min-height elementor-section-boxed elementor-section-height-default elementor-section-items-middle\" data-id=\"82ecb75\" data-element_type=\"section\" data-settings=\"{&quot;background_background&quot;:&quot;classic&quot;}\">\n\t\t\t\t\t\t\t<div class=\"elementor-background-overlay\"><\/div>\n\t\t\t\t\t\t\t<div class=\"elementor-container elementor-column-gap-no\">\n\t\t\t\t\t<div class=\"elementor-column elementor-col-100 elementor-top-column elementor-element elementor-element-6e02e2a\" data-id=\"6e02e2a\" data-element_type=\"column\">\n\t\t\t<div class=\"elementor-widget-wrap elementor-element-populated\">\n\t\t\t\t\t\t<section class=\"elementor-section elementor-inner-section elementor-element elementor-element-171dc9f elementor-section-boxed elementor-section-height-default elementor-section-height-default\" data-id=\"171dc9f\" data-element_type=\"section\">\n\t\t\t\t\t\t<div class=\"elementor-container elementor-column-gap-no\">\n\t\t\t\t\t<div class=\"elementor-column elementor-col-100 elementor-inner-column elementor-element elementor-element-e5fb0b3\" data-id=\"e5fb0b3\" data-element_type=\"column\">\n\t\t\t<div class=\"elementor-widget-wrap elementor-element-populated\">\n\t\t\t\t\t\t<div class=\"elementor-element elementor-element-43e38d6 elementor-widget elementor-widget-heading\" data-id=\"43e38d6\" data-element_type=\"widget\" data-widget_type=\"heading.default\">\n\t\t\t\t<div class=\"elementor-widget-container\">\n\t\t\t\t\t<h1 class=\"elementor-heading-title elementor-size-default\">Ausfl\u00fcge<\/h1>\t\t\t\t<\/div>\n\t\t\t\t<\/div>\n\t\t\t\t\t<\/div>\n\t\t<\/div>\n\t\t\t\t\t<\/div>\n\t\t<\/section>\n\t\t\t\t<section class=\"elementor-section elementor-inner-section elementor-element elementor-element-3e1b9f3 elementor-section-boxed elementor-section-height-default elementor-section-height-default\" data-id=\"3e1b9f3\" data-element_type=\"section\">\n\t\t\t\t\t\t<div class=\"elementor-container elementor-column-gap-no\">\n\t\t\t\t\t<div class=\"elementor-column elementor-col-100 elementor-inner-column elementor-element elementor-element-a5178bb\" data-id=\"a5178bb\" data-element_type=\"column\">\n\t\t\t<div class=\"elementor-widget-wrap elementor-element-populated\">\n\t\t\t\t\t\t<div class=\"elementor-element elementor-element-d2d6ce9 elementor-widget elementor-widget-heading\" data-id=\"d2d6ce9\" data-element_type=\"widget\" data-widget_type=\"heading.default\">\n\t\t\t\t<div class=\"elementor-widget-container\">\n\t\t\t\t\t<h3 class=\"elementor-heading-title elementor-size-default\">Kourtaliotis schluct - Kloster von Preveli - Plakias - Myrthios<\/h3>\t\t\t\t<\/div>\n\t\t\t\t<\/div>\n\t\t\t\t\t<\/div>\n\t\t<\/div>\n\t\t\t\t\t<\/div>\n\t\t<\/section>\n\t\t\t\t\t<\/div>\n\t\t<\/div>\n\t\t\t\t\t<\/div>\n\t\t<\/section>\n\t\t\t\t<section class=\"elementor-section elementor-top-section elementor-element elementor-element-e5c9a42 elementor-section-boxed elementor-section-height-default elementor-section-height-default\" data-id=\"e5c9a42\" data-element_type=\"section\" data-settings=\"{&quot;background_background&quot;:&quot;classic&quot;}\">\n\t\t\t\t\t\t\t<div class=\"elementor-background-overlay\"><\/div>\n\t\t\t\t\t\t\t<div class=\"elementor-container elementor-column-gap-no\">\n\t\t\t\t\t<div class=\"elementor-column elementor-col-100 elementor-top-column elementor-element elementor-element-763b07f\" data-id=\"763b07f\" data-element_type=\"column\">\n\t\t\t<div class=\"elementor-widget-wrap elementor-element-populated\">\n\t\t\t\t\t\t<section class=\"elementor-section elementor-inner-section elementor-element elementor-element-de81569 elementor-section-boxed elementor-section-height-default elementor-section-height-default\" data-id=\"de81569\" data-element_type=\"section\">\n\t\t\t\t\t\t<div class=\"elementor-container elementor-column-gap-no\">\n\t\t\t\t\t<div class=\"elementor-column elementor-col-100 elementor-inner-column elementor-element elementor-element-acddec0\" data-id=\"acddec0\" data-element_type=\"column\">\n\t\t\t<div class=\"elementor-widget-wrap elementor-element-populated\">\n\t\t\t\t\t\t<div class=\"elementor-element elementor-element-46a94e6 elementor-widget elementor-widget-heading\" data-id=\"46a94e6\" data-element_type=\"widget\" data-widget_type=\"heading.default\">\n\t\t\t\t<div class=\"elementor-widget-container\">\n\t\t\t\t\t<h6 class=\"elementor-heading-title elementor-size-default\">Unsere Ausfl\u00fcge<\/h6>\t\t\t\t<\/div>\n\t\t\t\t<\/div>\n\t\t\t\t<div class=\"elementor-element elementor-element-8f4bc8c elementor-widget elementor-widget-heading\" data-id=\"8f4bc8c\" data-element_type=\"widget\" data-widget_type=\"heading.default\">\n\t\t\t\t<div class=\"elementor-widget-container\">\n\t\t\t\t\t<h2 class=\"elementor-heading-title elementor-size-default\">Kourtaliotis schluct - Kloster von Preveli - Plakias - Myrthios<\/h2>\t\t\t\t<\/div>\n\t\t\t\t<\/div>\n\t\t\t\t\t<\/div>\n\t\t<\/div>\n\t\t\t\t\t<\/div>\n\t\t<\/section>\n\t\t\t\t\t<\/div>\n\t\t<\/div>\n\t\t\t\t\t<\/div>\n\t\t<\/section>\n\t\t\t\t<section class=\"elementor-section elementor-top-section elementor-element elementor-element-2738e142 elementor-section-content-middle elementor-section-boxed elementor-section-height-default elementor-section-height-default\" data-id=\"2738e142\" data-element_type=\"section\">\n\t\t\t\t\t\t<div class=\"elementor-container elementor-column-gap-no\">\n\t\t\t\t\t<div class=\"elementor-column elementor-col-100 elementor-top-column elementor-element elementor-element-207aad6f\" data-id=\"207aad6f\" data-element_type=\"column\">\n\t\t\t<div class=\"elementor-widget-wrap elementor-element-populated\">\n\t\t\t\t\t\t<div class=\"elementor-element elementor-element-733d46bc elementor-widget elementor-widget-heading\" data-id=\"733d46bc\" data-element_type=\"widget\" data-widget_type=\"heading.default\">\n\t\t\t\t<div class=\"elementor-widget-container\">\n\t\t\t\t\t<h4 class=\"elementor-heading-title elementor-size-default\">Schauen Sie sich unsere Ausfl\u00fcge an<\/h4>\t\t\t\t<\/div>\n\t\t\t\t<\/div>\n\t\t\t\t<div class=\"elementor-element elementor-element-65a014d elementor-widget elementor-widget-image\" data-id=\"65a014d\" data-element_type=\"widget\" data-widget_type=\"image.default\">\n\t\t\t\t<div class=\"elementor-widget-container\">\n\t\t\t\t\t\t\t\t\t\t\t\t\t\t\t<img fetchpriority=\"high\" decoding=\"async\" width=\"1024\" height=\"454\" src=\"https:\/\/cretetaxiservice.gr\/wp-content\/uploads\/preveli1-1024x454.jpg\" class=\"attachment-large size-large wp-image-10535\" alt=\"\" srcset=\"https:\/\/cretetaxiservice.gr\/wp-content\/uploads\/preveli1-1024x454.jpg 1024w, https:\/\/cretetaxiservice.gr\/wp-content\/uploads\/preveli1-300x133.jpg 300w, https:\/\/cretetaxiservice.gr\/wp-content\/uploads\/preveli1-768x341.jpg 768w, https:\/\/cretetaxiservice.gr\/wp-content\/uploads\/preveli1-460x204.jpg 460w, https:\/\/cretetaxiservice.gr\/wp-content\/uploads\/preveli1-800x355.jpg 800w, https:\/\/cretetaxiservice.gr\/wp-content\/uploads\/preveli1.jpg 1098w\" sizes=\"(max-width: 1024px) 100vw, 1024px\" \/>\t\t\t\t\t\t\t\t\t\t\t\t\t\t\t<\/div>\n\t\t\t\t<\/div>\n\t\t\t\t<div class=\"elementor-element elementor-element-9281f4a elementor-widget elementor-widget-text-editor\" data-id=\"9281f4a\" data-element_type=\"widget\" data-widget_type=\"text-editor.default\">\n\t\t\t\t<div class=\"elementor-widget-container\">\n\t\t\t\t\t\t\t\t\t<p>Auf dieser Tour fahren wir Richtung S\u00fcdk\u00fcste, bis wir die einzigartige Kourtalioti-Schlucht erreichen, die unbestritten zu den gr\u00f6\u00dften Naturattraktionen Kretas z\u00e4hlt. Danach besuchen wir das orthodoxe Kloster Preveli, das bei den kretischen Revolten gegen die jeweiligen Eroberer eine tragende Rolle spielte. Es befindet sich an einem herrlichen Standort, der einen wunderbaren Blick auf das Libysche Meer gew\u00e4hrt.<\/p><p>Unser n\u00e4chstes Ziel ist das Dorf Plakias, ein f\u00fcr seine sch\u00f6ne Landschaft bekannter Urlaubs-und Erholungsort mit vielen Bars und Cafes entlang der K\u00fcste. Auf der R\u00fcckfahrt kommen wir durch das sch\u00f6ne Dorf Myrthios, von wo aus man einen atemberaubenden Blick auf den Golf von Plakias hat. Anschlie\u00dfend durchqueren wir die Kotsifos-Schlucht und mehrere traditionelle D\u00f6rfer, bis wir wieder unseren Ausganspunkt, Rethymno, erreichen.<\/p>\t\t\t\t\t\t\t\t<\/div>\n\t\t\t\t<\/div>\n\t\t\t\t<div class=\"elementor-element elementor-element-5687bf3 elementor-widget__width-auto elementor-widget elementor-widget-image\" data-id=\"5687bf3\" data-element_type=\"widget\" data-widget_type=\"image.default\">\n\t\t\t\t<div class=\"elementor-widget-container\">\n\t\t\t\t\t\t\t\t\t\t\t\t\t\t\t<img decoding=\"async\" width=\"493\" height=\"217\" src=\"https:\/\/cretetaxiservice.gr\/wp-content\/uploads\/preveli2.jpg\" class=\"attachment-full size-full wp-image-10537\" alt=\"\" srcset=\"https:\/\/cretetaxiservice.gr\/wp-content\/uploads\/preveli2.jpg 493w, https:\/\/cretetaxiservice.gr\/wp-content\/uploads\/preveli2-300x132.jpg 300w, https:\/\/cretetaxiservice.gr\/wp-content\/uploads\/preveli2-460x202.jpg 460w\" sizes=\"(max-width: 493px) 100vw, 493px\" \/>\t\t\t\t\t\t\t\t\t\t\t\t\t\t\t<\/div>\n\t\t\t\t<\/div>\n\t\t\t\t<div class=\"elementor-element elementor-element-f46bde4 elementor-widget__width-auto elementor-widget elementor-widget-image\" data-id=\"f46bde4\" data-element_type=\"widget\" data-widget_type=\"image.default\">\n\t\t\t\t<div class=\"elementor-widget-container\">\n\t\t\t\t\t\t\t\t\t\t\t\t\t\t\t<img decoding=\"async\" width=\"493\" height=\"217\" src=\"https:\/\/cretetaxiservice.gr\/wp-content\/uploads\/preveli3.jpg\" class=\"attachment-full size-full wp-image-10539\" alt=\"\" srcset=\"https:\/\/cretetaxiservice.gr\/wp-content\/uploads\/preveli3.jpg 493w, https:\/\/cretetaxiservice.gr\/wp-content\/uploads\/preveli3-300x132.jpg 300w, https:\/\/cretetaxiservice.gr\/wp-content\/uploads\/preveli3-460x202.jpg 460w\" sizes=\"(max-width: 493px) 100vw, 493px\" \/>\t\t\t\t\t\t\t\t\t\t\t\t\t\t\t<\/div>\n\t\t\t\t<\/div>\n\t\t\t\t\t<\/div>\n\t\t<\/div>\n\t\t\t\t\t<\/div>\n\t\t<\/section>\n\t\t\t\t<\/div>\n\t\t","protected":false},"excerpt":{"rendered":"<p>Ausfl\u00fcge Kourtaliotis schluct &#8211; Kloster von Preveli &#8211; Plakias &#8211; Myrthios Unsere Ausfl\u00fcge Kourtaliotis schluct &#8211; Kloster von Preveli &#8211; Plakias &#8211; Myrthios Schauen Sie sich unsere Ausfl\u00fcge an Auf dieser Tour fahren wir Richtung S\u00fcdk\u00fcste, bis wir die einzigartige Kourtalioti-Schlucht erreichen, die unbestritten zu den gr\u00f6\u00dften Naturattraktionen Kretas z\u00e4hlt. Danach besuchen wir das orthodoxe [&hellip;]<\/p>\n","protected":false},"author":1,"featured_media":0,"parent":10884,"menu_order":0,"comment_status":"closed","ping_status":"closed","template":"","meta":{"site-sidebar-layout":"no-sidebar","site-content-layout":"page-builder","ast-site-content-layout":"default","site-content-style":"default","site-sidebar-style":"default","ast-global-header-display":"","ast-banner-title-visibility":"","ast-main-header-display":"","ast-hfb-above-header-display":"","ast-hfb-below-header-display":"","ast-hfb-mobile-header-display":"","site-post-title":"disabled","ast-breadcrumbs-content":"disabled","ast-featured-img":"disabled","footer-sml-layout":"","theme-transparent-header-meta":"enabled","adv-header-id-meta":"","stick-header-meta":"default","header-above-stick-meta":"","header-main-stick-meta":"","header-below-stick-meta":"","astra-migrate-meta-layouts":"default","ast-page-background-enabled":"default","ast-page-background-meta":{"desktop":{"background-color":"","background-image":"","background-repeat":"repeat","background-position":"center center","background-size":"auto","background-attachment":"scroll","background-type":"","background-media":"","overlay-type":"","overlay-color":"","overlay-opacity":"","overlay-gradient":""},"tablet":{"background-color":"","background-image":"","background-repeat":"repeat","background-position":"center center","background-size":"auto","background-attachment":"scroll","background-type":"","background-media":"","overlay-type":"","overlay-color":"","overlay-opacity":"","overlay-gradient":""},"mobile":{"background-color":"","background-image":"","background-repeat":"repeat","background-position":"center center","background-size":"auto","background-attachment":"scroll","background-type":"","background-media":"","overlay-type":"","overlay-color":"","overlay-opacity":"","overlay-gradient":""}},"ast-content-background-meta":{"desktop":{"background-color":"var(--ast-global-color-5)","background-image":"","background-repeat":"repeat","background-position":"center center","background-size":"auto","background-attachment":"scroll","background-type":"","background-media":"","overlay-type":"","overlay-color":"","overlay-opacity":"","overlay-gradient":""},"tablet":{"background-color":"var(--ast-global-color-5)","background-image":"","background-repeat":"repeat","background-position":"center center","background-size":"auto","background-attachment":"scroll","background-type":"","background-media":"","overlay-type":"","overlay-color":"","overlay-opacity":"","overlay-gradient":""},"mobile":{"background-color":"var(--ast-global-color-5)","background-image":"","background-repeat":"repeat","background-position":"center center","background-size":"auto","background-attachment":"scroll","background-type":"","background-media":"","overlay-type":"","overlay-color":"","overlay-opacity":"","overlay-gradient":""}},"footnotes":""},"class_list":["post-10913","page","type-page","status-publish","hentry"],"yoast_head":"<!-- This site is optimized with the Yoast SEO plugin v25.5 - https:\/\/yoast.com\/wordpress\/plugins\/seo\/ -->\n<title>Kourtaliotis gorge - Monastery of Prevelis - Plakias - Myrth - Crete Taxi Services<\/title>\n<meta name=\"robots\" content=\"noindex, follow, max-snippet:-1, max-image-preview:large, max-video-preview:-1\" \/>\n<meta property=\"og:locale\" content=\"de_DE\" \/>\n<meta property=\"og:type\" content=\"article\" \/>\n<meta property=\"og:title\" content=\"Kourtaliotis gorge - Monastery of Prevelis - Plakias - Myrth - Crete Taxi Services\" \/>\n<meta property=\"og:description\" content=\"Ausfl\u00fcge Kourtaliotis schluct &#8211; Kloster von Preveli &#8211; Plakias &#8211; Myrthios Unsere Ausfl\u00fcge Kourtaliotis schluct &#8211; Kloster von Preveli &#8211; Plakias &#8211; Myrthios Schauen Sie sich unsere Ausfl\u00fcge an Auf dieser Tour fahren wir Richtung S\u00fcdk\u00fcste, bis wir die einzigartige Kourtalioti-Schlucht erreichen, die unbestritten zu den gr\u00f6\u00dften Naturattraktionen Kretas z\u00e4hlt. Danach besuchen wir das orthodoxe [&hellip;]\" \/>\n<meta property=\"og:url\" content=\"https:\/\/cretetaxiservice.gr\/de\/ausfluege\/kourtaliotis-gorge-monastery-of-prevelis-plakias-myrth\/\" \/>\n<meta property=\"og:site_name\" content=\"Crete Taxi Services\" \/>\n<meta property=\"article:publisher\" content=\"https:\/\/www.facebook.com\/cretetaxiservicegr\" \/>\n<meta property=\"article:modified_time\" content=\"2023-03-01T17:26:31+00:00\" \/>\n<meta property=\"og:image\" content=\"https:\/\/new.cretetaxiservice.gr\/wp-content\/uploads\/preveli1-1024x454.jpg\" \/>\n<meta name=\"twitter:card\" content=\"summary_large_image\" \/>\n<meta name=\"twitter:label1\" content=\"Gesch\u00e4tzte Lesezeit\" \/>\n\t<meta name=\"twitter:data1\" content=\"2\u00a0Minuten\" \/>\n<script type=\"application\/ld+json\" class=\"yoast-schema-graph\">{\"@context\":\"https:\/\/schema.org\",\"@graph\":[{\"@type\":\"WebPage\",\"@id\":\"https:\/\/cretetaxiservice.gr\/de\/ausfluege\/kourtaliotis-gorge-monastery-of-prevelis-plakias-myrth\/\",\"url\":\"https:\/\/cretetaxiservice.gr\/de\/ausfluege\/kourtaliotis-gorge-monastery-of-prevelis-plakias-myrth\/\",\"name\":\"Kourtaliotis gorge - Monastery of Prevelis - Plakias - Myrth - Crete Taxi Services\",\"isPartOf\":{\"@id\":\"https:\/\/cretetaxiservice.gr\/de\/#website\"},\"primaryImageOfPage\":{\"@id\":\"https:\/\/cretetaxiservice.gr\/de\/ausfluege\/kourtaliotis-gorge-monastery-of-prevelis-plakias-myrth\/#primaryimage\"},\"image\":{\"@id\":\"https:\/\/cretetaxiservice.gr\/de\/ausfluege\/kourtaliotis-gorge-monastery-of-prevelis-plakias-myrth\/#primaryimage\"},\"thumbnailUrl\":\"https:\/\/new.cretetaxiservice.gr\/wp-content\/uploads\/preveli1-1024x454.jpg\",\"datePublished\":\"2023-01-12T15:22:30+00:00\",\"dateModified\":\"2023-03-01T17:26:31+00:00\",\"breadcrumb\":{\"@id\":\"https:\/\/cretetaxiservice.gr\/de\/ausfluege\/kourtaliotis-gorge-monastery-of-prevelis-plakias-myrth\/#breadcrumb\"},\"inLanguage\":\"de\",\"potentialAction\":[{\"@type\":\"ReadAction\",\"target\":[\"https:\/\/cretetaxiservice.gr\/de\/ausfluege\/kourtaliotis-gorge-monastery-of-prevelis-plakias-myrth\/\"]}]},{\"@type\":\"ImageObject\",\"inLanguage\":\"de\",\"@id\":\"https:\/\/cretetaxiservice.gr\/de\/ausfluege\/kourtaliotis-gorge-monastery-of-prevelis-plakias-myrth\/#primaryimage\",\"url\":\"https:\/\/new.cretetaxiservice.gr\/wp-content\/uploads\/preveli1-1024x454.jpg\",\"contentUrl\":\"https:\/\/new.cretetaxiservice.gr\/wp-content\/uploads\/preveli1-1024x454.jpg\"},{\"@type\":\"BreadcrumbList\",\"@id\":\"https:\/\/cretetaxiservice.gr\/de\/ausfluege\/kourtaliotis-gorge-monastery-of-prevelis-plakias-myrth\/#breadcrumb\",\"itemListElement\":[{\"@type\":\"ListItem\",\"position\":1,\"name\":\"Home\",\"item\":\"https:\/\/cretetaxiservice.gr\/de\/\"},{\"@type\":\"ListItem\",\"position\":2,\"name\":\"Ausfl\u00fcge\",\"item\":\"https:\/\/cretetaxiservice.gr\/de\/ausfluege\/\"},{\"@type\":\"ListItem\",\"position\":3,\"name\":\"Kourtaliotis gorge &#8211; Monastery of Prevelis &#8211; Plakias &#8211; Myrth\"}]},{\"@type\":\"WebSite\",\"@id\":\"https:\/\/cretetaxiservice.gr\/de\/#website\",\"url\":\"https:\/\/cretetaxiservice.gr\/de\/\",\"name\":\"Crete Taxi Services\",\"description\":\"Transfer and transportation in Crete\",\"publisher\":{\"@id\":\"https:\/\/cretetaxiservice.gr\/de\/#organization\"},\"potentialAction\":[{\"@type\":\"SearchAction\",\"target\":{\"@type\":\"EntryPoint\",\"urlTemplate\":\"https:\/\/cretetaxiservice.gr\/de\/?s={search_term_string}\"},\"query-input\":{\"@type\":\"PropertyValueSpecification\",\"valueRequired\":true,\"valueName\":\"search_term_string\"}}],\"inLanguage\":\"de\"},{\"@type\":\"Organization\",\"@id\":\"https:\/\/cretetaxiservice.gr\/de\/#organization\",\"name\":\"Crete Taxi Services\",\"url\":\"https:\/\/cretetaxiservice.gr\/de\/\",\"logo\":{\"@type\":\"ImageObject\",\"inLanguage\":\"de\",\"@id\":\"https:\/\/cretetaxiservice.gr\/de\/#\/schema\/logo\/image\/\",\"url\":\"https:\/\/cretetaxiservice.gr\/wp-content\/uploads\/logo-gold.png\",\"contentUrl\":\"https:\/\/cretetaxiservice.gr\/wp-content\/uploads\/logo-gold.png\",\"width\":1024,\"height\":452,\"caption\":\"Crete Taxi Services\"},\"image\":{\"@id\":\"https:\/\/cretetaxiservice.gr\/de\/#\/schema\/logo\/image\/\"},\"sameAs\":[\"https:\/\/www.facebook.com\/cretetaxiservicegr\"]}]}<\/script>\n<!-- \/ Yoast SEO plugin. -->","yoast_head_json":{"title":"Kourtaliotis gorge - Monastery of Prevelis - Plakias - Myrth - Crete Taxi Services","robots":{"index":"noindex","follow":"follow","max-snippet":"max-snippet:-1","max-image-preview":"max-image-preview:large","max-video-preview":"max-video-preview:-1"},"og_locale":"de_DE","og_type":"article","og_title":"Kourtaliotis gorge - Monastery of Prevelis - Plakias - Myrth - Crete Taxi Services","og_description":"Ausfl\u00fcge Kourtaliotis schluct &#8211; Kloster von Preveli &#8211; Plakias &#8211; Myrthios Unsere Ausfl\u00fcge Kourtaliotis schluct &#8211; Kloster von Preveli &#8211; Plakias &#8211; Myrthios Schauen Sie sich unsere Ausfl\u00fcge an Auf dieser Tour fahren wir Richtung S\u00fcdk\u00fcste, bis wir die einzigartige Kourtalioti-Schlucht erreichen, die unbestritten zu den gr\u00f6\u00dften Naturattraktionen Kretas z\u00e4hlt. Danach besuchen wir das orthodoxe [&hellip;]","og_url":"https:\/\/cretetaxiservice.gr\/de\/ausfluege\/kourtaliotis-gorge-monastery-of-prevelis-plakias-myrth\/","og_site_name":"Crete Taxi Services","article_publisher":"https:\/\/www.facebook.com\/cretetaxiservicegr","article_modified_time":"2023-03-01T17:26:31+00:00","og_image":[{"url":"https:\/\/new.cretetaxiservice.gr\/wp-content\/uploads\/preveli1-1024x454.jpg","type":"","width":"","height":""}],"twitter_card":"summary_large_image","twitter_misc":{"Gesch\u00e4tzte Lesezeit":"2\u00a0Minuten"},"schema":{"@context":"https:\/\/schema.org","@graph":[{"@type":"WebPage","@id":"https:\/\/cretetaxiservice.gr\/de\/ausfluege\/kourtaliotis-gorge-monastery-of-prevelis-plakias-myrth\/","url":"https:\/\/cretetaxiservice.gr\/de\/ausfluege\/kourtaliotis-gorge-monastery-of-prevelis-plakias-myrth\/","name":"Kourtaliotis gorge - Monastery of Prevelis - Plakias - Myrth - Crete Taxi Services","isPartOf":{"@id":"https:\/\/cretetaxiservice.gr\/de\/#website"},"primaryImageOfPage":{"@id":"https:\/\/cretetaxiservice.gr\/de\/ausfluege\/kourtaliotis-gorge-monastery-of-prevelis-plakias-myrth\/#primaryimage"},"image":{"@id":"https:\/\/cretetaxiservice.gr\/de\/ausfluege\/kourtaliotis-gorge-monastery-of-prevelis-plakias-myrth\/#primaryimage"},"thumbnailUrl":"https:\/\/new.cretetaxiservice.gr\/wp-content\/uploads\/preveli1-1024x454.jpg","datePublished":"2023-01-12T15:22:30+00:00","dateModified":"2023-03-01T17:26:31+00:00","breadcrumb":{"@id":"https:\/\/cretetaxiservice.gr\/de\/ausfluege\/kourtaliotis-gorge-monastery-of-prevelis-plakias-myrth\/#breadcrumb"},"inLanguage":"de","potentialAction":[{"@type":"ReadAction","target":["https:\/\/cretetaxiservice.gr\/de\/ausfluege\/kourtaliotis-gorge-monastery-of-prevelis-plakias-myrth\/"]}]},{"@type":"ImageObject","inLanguage":"de","@id":"https:\/\/cretetaxiservice.gr\/de\/ausfluege\/kourtaliotis-gorge-monastery-of-prevelis-plakias-myrth\/#primaryimage","url":"https:\/\/new.cretetaxiservice.gr\/wp-content\/uploads\/preveli1-1024x454.jpg","contentUrl":"https:\/\/new.cretetaxiservice.gr\/wp-content\/uploads\/preveli1-1024x454.jpg"},{"@type":"BreadcrumbList","@id":"https:\/\/cretetaxiservice.gr\/de\/ausfluege\/kourtaliotis-gorge-monastery-of-prevelis-plakias-myrth\/#breadcrumb","itemListElement":[{"@type":"ListItem","position":1,"name":"Home","item":"https:\/\/cretetaxiservice.gr\/de\/"},{"@type":"ListItem","position":2,"name":"Ausfl\u00fcge","item":"https:\/\/cretetaxiservice.gr\/de\/ausfluege\/"},{"@type":"ListItem","position":3,"name":"Kourtaliotis gorge &#8211; Monastery of Prevelis &#8211; Plakias &#8211; Myrth"}]},{"@type":"WebSite","@id":"https:\/\/cretetaxiservice.gr\/de\/#website","url":"https:\/\/cretetaxiservice.gr\/de\/","name":"Crete Taxi Services","description":"Transfer and transportation in Crete","publisher":{"@id":"https:\/\/cretetaxiservice.gr\/de\/#organization"},"potentialAction":[{"@type":"SearchAction","target":{"@type":"EntryPoint","urlTemplate":"https:\/\/cretetaxiservice.gr\/de\/?s={search_term_string}"},"query-input":{"@type":"PropertyValueSpecification","valueRequired":true,"valueName":"search_term_string"}}],"inLanguage":"de"},{"@type":"Organization","@id":"https:\/\/cretetaxiservice.gr\/de\/#organization","name":"Crete Taxi Services","url":"https:\/\/cretetaxiservice.gr\/de\/","logo":{"@type":"ImageObject","inLanguage":"de","@id":"https:\/\/cretetaxiservice.gr\/de\/#\/schema\/logo\/image\/","url":"https:\/\/cretetaxiservice.gr\/wp-content\/uploads\/logo-gold.png","contentUrl":"https:\/\/cretetaxiservice.gr\/wp-content\/uploads\/logo-gold.png","width":1024,"height":452,"caption":"Crete Taxi Services"},"image":{"@id":"https:\/\/cretetaxiservice.gr\/de\/#\/schema\/logo\/image\/"},"sameAs":["https:\/\/www.facebook.com\/cretetaxiservicegr"]}]}},"_links":{"self":[{"href":"https:\/\/cretetaxiservice.gr\/de\/wp-json\/wp\/v2\/pages\/10913","targetHints":{"allow":["GET"]}}],"collection":[{"href":"https:\/\/cretetaxiservice.gr\/de\/wp-json\/wp\/v2\/pages"}],"about":[{"href":"https:\/\/cretetaxiservice.gr\/de\/wp-json\/wp\/v2\/types\/page"}],"author":[{"embeddable":true,"href":"https:\/\/cretetaxiservice.gr\/de\/wp-json\/wp\/v2\/users\/1"}],"replies":[{"embeddable":true,"href":"https:\/\/cretetaxiservice.gr\/de\/wp-json\/wp\/v2\/comments?post=10913"}],"version-history":[{"count":0,"href":"https:\/\/cretetaxiservice.gr\/de\/wp-json\/wp\/v2\/pages\/10913\/revisions"}],"up":[{"embeddable":true,"href":"https:\/\/cretetaxiservice.gr\/de\/wp-json\/wp\/v2\/pages\/10884"}],"wp:attachment":[{"href":"https:\/\/cretetaxiservice.gr\/de\/wp-json\/wp\/v2\/media?parent=10913"}],"curies":[{"name":"wp","href":"https:\/\/api.w.org\/{rel}","templated":true}]}}